{"id":627,"date":"2021-01-12T22:37:45","date_gmt":"2021-01-12T22:37:45","guid":{"rendered":"https:\/\/funeseditora.com\/?page_id=627"},"modified":"2026-03-04T16:05:38","modified_gmt":"2026-03-04T16:05:38","slug":"maria-del-pilar-gavilanes-ribadeneira","status":"publish","type":"page","link":"https:\/\/funeseditora.com\/?page_id=627","title":{"rendered":"Mar\u00eda del Pilar Gavilanes Rivadeneira"},"content":{"rendered":"\t\t<div data-elementor-type=\"wp-page\" data-elementor-id=\"627\" class=\"elementor elementor-627\">\n\t\t\t\t<div class=\"elementor-element elementor-element-5681663 e-flex e-con-boxed e-con e-parent\" data-id=\"5681663\" data-element_type=\"container\" data-e-type=\"container\">\n\t\t\t\t\t<div class=\"e-con-inner\">\n\t\t<div class=\"elementor-element elementor-element-4469a35 e-con-full e-flex e-con e-child\" data-id=\"4469a35\" data-element_type=\"container\" data-e-type=\"container\">\n\t\t\t\t<div class=\"elementor-element elementor-element-be17bce elementor-widget elementor-widget-text-editor\" data-id=\"be17bce\" data-element_type=\"widget\" data-e-type=\"widget\" data-widget_type=\"text-editor.default\">\n\t\t\t\t\t\t\t\t\t<p class=\"\"><strong>Mar\u00eda del Pilar Gavilanes<\/strong> trabaja la poes\u00eda visual a partir del principio del montaje y de un tratamiento minimalista del lenguaje. Ha publicado los poemarios <strong><em>viernes<\/em> \/ <em>00<\/em><\/strong> (Editorial Turbina 2021), <strong><em>Recetas, conjuros, habitaciones<\/em><\/strong> (L\u00ednea primitiva 2025), <strong><em>Pacto de silencio. El amor por un asunto<\/em><\/strong> (Editorial Blanca 2025).<\/p>\n<p><!-- \/wp:paragraph --> <!-- wp:paragraph --><\/p>\n<p>Desarrolla l\u00edneas de investigaci\u00f3n en cine y arte contempor\u00e1neo. Autora del libro <a href=\"https:\/\/funeseditora.com\/?page_id=1369\"><em>Aprender bellas palabras. El cine de Pedro Costa<\/em>. <em>comunidad, migraciones, ficciones<\/em><\/a> (2017). Integra el comit\u00e9 editorial de\u00a0<em>Index, revista de arte contempor\u00e1neo<\/em>\u00a0(<a href=\"http:\/\/revistaindex.net\/\" target=\"_blank\" rel=\"noreferrer noopener\">revistaindex.net<\/a>) y el comit\u00e9 editorial de UArtes ediciones (<a href=\"https:\/\/editorial.uartes.edu.ec\/\">https:\/\/editorial.uartes.edu.ec\/<\/a>).<\/p>\n<p><!-- \/wp:paragraph --><!-- wp:paragraph --><\/p>\n<p>Trabaja actualmente en la Universidad de las Artes del Ecuador.<\/p>\t\t\t\t\t\t\t\t<\/div>\n\t\t\t\t<\/div>\n\t\t<div class=\"elementor-element elementor-element-a2fb916 e-con-full e-flex e-con e-child\" data-id=\"a2fb916\" data-element_type=\"container\" data-e-type=\"container\">\n\t\t\t\t<div class=\"elementor-element elementor-element-98a524e elementor-widget elementor-widget-image\" data-id=\"98a524e\" data-element_type=\"widget\" data-e-type=\"widget\" data-widget_type=\"image.default\">\n\t\t\t\t\t\t\t\t\t\t\t\t\t\t\t<img fetchpriority=\"high\" decoding=\"async\" width=\"512\" height=\"700\" src=\"https:\/\/funeseditora.com\/wp-content\/uploads\/2026\/02\/autora4.png\" class=\"attachment-large size-large wp-image-1535\" alt=\"\" srcset=\"https:\/\/funeseditora.com\/wp-content\/uploads\/2026\/02\/autora4.png 512w, https:\/\/funeseditora.com\/wp-content\/uploads\/2026\/02\/autora4-219x300.png 219w, https:\/\/funeseditora.com\/wp-content\/uploads\/2026\/02\/autora4-44x60.png 44w\" sizes=\"(max-width: 512px) 100vw, 512px\" \/>\t\t\t\t\t\t\t\t\t\t\t\t\t\t\t<\/div>\n\t\t\t\t<\/div>\n\t\t<div class=\"elementor-element elementor-element-0d7c1a9 e-con-full e-flex e-con e-child\" data-id=\"0d7c1a9\" data-element_type=\"container\" data-e-type=\"container\">\n\t\t\t\t<\/div>\n\t\t<div class=\"elementor-element elementor-element-44f5c63 e-con-full e-flex e-con e-child\" data-id=\"44f5c63\" data-element_type=\"container\" data-e-type=\"container\">\n\t\t\t\t<\/div>\n\t\t\t\t\t<\/div>\n\t\t\t\t<\/div>\n\t\t<div class=\"elementor-element elementor-element-836a3d8 e-flex e-con-boxed e-con e-parent\" data-id=\"836a3d8\" data-element_type=\"container\" data-e-type=\"container\">\n\t\t\t\t\t<div class=\"e-con-inner\">\n\t\t<div class=\"elementor-element elementor-element-d76f835 e-con-full e-flex elementor-invisible e-con e-child\" data-id=\"d76f835\" data-element_type=\"container\" data-e-type=\"container\" data-settings=\"{&quot;animation&quot;:&quot;fadeIn&quot;}\">\n\t\t<div class=\"elementor-element elementor-element-91a98dc e-con-full e-flex e-con e-child\" data-id=\"91a98dc\" data-element_type=\"container\" data-e-type=\"container\">\n\t\t\t\t<div class=\"elementor-element elementor-element-012aaba elementor-widget elementor-widget-image\" data-id=\"012aaba\" data-element_type=\"widget\" data-e-type=\"widget\" data-widget_type=\"image.default\">\n\t\t\t\t\t\t\t\t\t\t\t\t<figure class=\"wp-caption\">\n\t\t\t\t\t\t\t\t\t\t\t<a href=\"https:\/\/funeseditora.com\/?page_id=1250\">\n\t\t\t\t\t\t\t<img decoding=\"async\" width=\"900\" height=\"900\" src=\"https:\/\/funeseditora.com\/wp-content\/uploads\/2021\/01\/Mabel-Tapia-900px-1.png\" class=\"attachment-large size-large wp-image-576\" alt=\"\" srcset=\"https:\/\/funeseditora.com\/wp-content\/uploads\/2021\/01\/Mabel-Tapia-900px-1.png 900w, https:\/\/funeseditora.com\/wp-content\/uploads\/2021\/01\/Mabel-Tapia-900px-1-300x300.png 300w, https:\/\/funeseditora.com\/wp-content\/uploads\/2021\/01\/Mabel-Tapia-900px-1-150x150.png 150w, https:\/\/funeseditora.com\/wp-content\/uploads\/2021\/01\/Mabel-Tapia-900px-1-768x768.png 768w, https:\/\/funeseditora.com\/wp-content\/uploads\/2021\/01\/Mabel-Tapia-900px-1-60x60.png 60w, https:\/\/funeseditora.com\/wp-content\/uploads\/2021\/01\/Mabel-Tapia-900px-1-800x800.png 800w\" sizes=\"(max-width: 900px) 100vw, 900px\" \/>\t\t\t\t\t\t\t\t<\/a>\n\t\t\t\t\t\t\t\t\t\t\t<figcaption class=\"widget-image-caption wp-caption-text\">Mabel Tapia<\/figcaption>\n\t\t\t\t\t\t\t\t\t\t<\/figure>\n\t\t\t\t\t\t\t\t\t<\/div>\n\t\t\t\t<\/div>\n\t\t<div class=\"elementor-element elementor-element-09917ac e-con-full e-flex e-con e-child\" data-id=\"09917ac\" data-element_type=\"container\" data-e-type=\"container\">\n\t\t\t\t<div class=\"elementor-element elementor-element-b5101c6 elementor-widget elementor-widget-image\" data-id=\"b5101c6\" data-element_type=\"widget\" data-e-type=\"widget\" data-widget_type=\"image.default\">\n\t\t\t\t\t\t\t\t\t\t\t\t<figure class=\"wp-caption\">\n\t\t\t\t\t\t\t\t\t\t\t<a href=\"https:\/\/funeseditora.com\/?page_id=622\">\n\t\t\t\t\t\t\t<img decoding=\"async\" width=\"900\" height=\"900\" src=\"https:\/\/funeseditora.com\/wp-content\/uploads\/2021\/01\/Maria-Gabriela-900px-1.png\" class=\"attachment-large size-large wp-image-577\" alt=\"\" srcset=\"https:\/\/funeseditora.com\/wp-content\/uploads\/2021\/01\/Maria-Gabriela-900px-1.png 900w, https:\/\/funeseditora.com\/wp-content\/uploads\/2021\/01\/Maria-Gabriela-900px-1-300x300.png 300w, https:\/\/funeseditora.com\/wp-content\/uploads\/2021\/01\/Maria-Gabriela-900px-1-150x150.png 150w, https:\/\/funeseditora.com\/wp-content\/uploads\/2021\/01\/Maria-Gabriela-900px-1-768x768.png 768w, https:\/\/funeseditora.com\/wp-content\/uploads\/2021\/01\/Maria-Gabriela-900px-1-60x60.png 60w, https:\/\/funeseditora.com\/wp-content\/uploads\/2021\/01\/Maria-Gabriela-900px-1-800x800.png 800w, https:\/\/funeseditora.com\/wp-content\/uploads\/2021\/01\/elementor\/thumbs\/Maria-Gabriela-900px-1-p19v8x7f0g9dcf63o5hjdwqvuo55pkoyibbpe8dt3q.png 16w\" sizes=\"(max-width: 900px) 100vw, 900px\" \/>\t\t\t\t\t\t\t\t<\/a>\n\t\t\t\t\t\t\t\t\t\t\t<figcaption class=\"widget-image-caption wp-caption-text\">Mar\u00eda Gabriela Ch\u00e9rrez<\/figcaption>\n\t\t\t\t\t\t\t\t\t\t<\/figure>\n\t\t\t\t\t\t\t\t\t<\/div>\n\t\t\t\t<\/div>\n\t\t\t\t<\/div>\n\t\t\t\t\t<\/div>\n\t\t\t\t<\/div>\n\t\t\t\t<\/div>\n\t\t","protected":false},"excerpt":{"rendered":"<p>Mar\u00eda del Pilar Gavilanes trabaja la poes\u00eda visual a partir del principio del montaje y de un tratamiento minimalista del lenguaje. Ha publicado los poemarios viernes \/ 00 (Editorial Turbina 2021), Recetas, conjuros, habitaciones (L\u00ednea primitiva 2025), Pacto de silencio. El amor por un asunto (Editorial Blanca 2025). Desarrolla l\u00edneas de investigaci\u00f3n en cine y arte contempor\u00e1neo. Autora del libro Aprender bellas palabras. El cine de Pedro Costa. comunidad, migraciones, ficciones (2017). Integra el comit\u00e9 editorial de\u00a0Index, revista de arte contempor\u00e1neo\u00a0(revistaindex.net) y el comit\u00e9 editorial de UArtes ediciones (https:\/\/editorial.uartes.edu.ec\/). Trabaja actualmente en la Universidad de las Artes del Ecuador. Mabel &hellip; <\/p>\n","protected":false},"author":1,"featured_media":0,"parent":0,"menu_order":0,"comment_status":"closed","ping_status":"closed","template":"","meta":{"footnotes":""},"class_list":["post-627","page","type-page","status-publish","hentry"],"_links":{"self":[{"href":"https:\/\/funeseditora.com\/index.php?rest_route=\/wp\/v2\/pages\/627","targetHints":{"allow":["GET"]}}],"collection":[{"href":"https:\/\/funeseditora.com\/index.php?rest_route=\/wp\/v2\/pages"}],"about":[{"href":"https:\/\/funeseditora.com\/index.php?rest_route=\/wp\/v2\/types\/page"}],"author":[{"embeddable":true,"href":"https:\/\/funeseditora.com\/index.php?rest_route=\/wp\/v2\/users\/1"}],"replies":[{"embeddable":true,"href":"https:\/\/funeseditora.com\/index.php?rest_route=%2Fwp%2Fv2%2Fcomments&post=627"}],"version-history":[{"count":30,"href":"https:\/\/funeseditora.com\/index.php?rest_route=\/wp\/v2\/pages\/627\/revisions"}],"predecessor-version":[{"id":1879,"href":"https:\/\/funeseditora.com\/index.php?rest_route=\/wp\/v2\/pages\/627\/revisions\/1879"}],"wp:attachment":[{"href":"https:\/\/funeseditora.com\/index.php?rest_route=%2Fwp%2Fv2%2Fmedia&parent=627"}],"curies":[{"name":"wp","href":"https:\/\/api.w.org\/{rel}","templated":true}]}}