{"id":622,"date":"2021-01-12T22:31:01","date_gmt":"2021-01-12T22:31:01","guid":{"rendered":"https:\/\/funeseditora.com\/?page_id=622"},"modified":"2026-03-04T16:04:25","modified_gmt":"2026-03-04T16:04:25","slug":"maria-gabriela-cherrez","status":"publish","type":"page","link":"https:\/\/funeseditora.com\/?page_id=622","title":{"rendered":"Mar\u00eda Gabriela Ch\u00e9rrez"},"content":{"rendered":"\t\t<div data-elementor-type=\"wp-page\" data-elementor-id=\"622\" class=\"elementor elementor-622\">\n\t\t\t\t<div class=\"elementor-element elementor-element-edb8a6e e-flex e-con-boxed e-con e-parent\" data-id=\"edb8a6e\" data-element_type=\"container\" data-e-type=\"container\">\n\t\t\t\t\t<div class=\"e-con-inner\">\n\t\t<div class=\"elementor-element elementor-element-de8c943 e-con-full e-flex e-con e-child\" data-id=\"de8c943\" data-element_type=\"container\" data-e-type=\"container\">\n\t\t\t\t<div class=\"elementor-element elementor-element-e7a2bfc elementor-drop-cap-yes elementor-drop-cap-view-default elementor-invisible elementor-widget elementor-widget-text-editor\" data-id=\"e7a2bfc\" data-element_type=\"widget\" data-e-type=\"widget\" data-settings=\"{&quot;_animation&quot;:&quot;fadeInLeft&quot;,&quot;drop_cap&quot;:&quot;yes&quot;}\" data-widget_type=\"text-editor.default\">\n\t\t\t\t\t\t\t\t\t<p><strong>Mar\u00eda Gabriela Ch\u00e9rrez. <\/strong>Artista. Estudi\u00f3 en el Instituto Superior Tecnol\u00f3gico de Artes del Ecuador (ITAE). Es Licenciada en Artes Visuales con menci\u00f3n en Pintura. Estudi\u00f3 un M\u00e1ster en Creaci\u00f3n Art\u00edstica Contempor\u00e1nea en la Universidad de Barcelona.\u00a0<\/p><p>Ha trabajado en gesti\u00f3n cultural y mediaci\u00f3n art\u00edstica. Se desempe\u00f1\u00f3 como docente en la Universidad de la Artes del Ecuador. Ha expuesto en varias galer\u00edas del pa\u00eds. Obtuvo el primer lugar en el Sal\u00f3n de Julio en el 2007 y la beca DPM en el mismo a\u00f1o.<\/p>\t\t\t\t\t\t\t\t<\/div>\n\t\t\t\t<\/div>\n\t\t<div class=\"elementor-element elementor-element-59269b3 e-con-full e-flex e-con e-child\" data-id=\"59269b3\" data-element_type=\"container\" data-e-type=\"container\">\n\t\t\t\t<div class=\"elementor-element elementor-element-338c536 elementor-widget elementor-widget-image\" data-id=\"338c536\" data-element_type=\"widget\" data-e-type=\"widget\" data-widget_type=\"image.default\">\n\t\t\t\t\t\t\t\t\t\t\t\t\t\t\t<img fetchpriority=\"high\" decoding=\"async\" width=\"512\" height=\"700\" src=\"https:\/\/funeseditora.com\/wp-content\/uploads\/2026\/02\/autora-1.png\" class=\"attachment-full size-full wp-image-1526\" alt=\"\" srcset=\"https:\/\/funeseditora.com\/wp-content\/uploads\/2026\/02\/autora-1.png 512w, https:\/\/funeseditora.com\/wp-content\/uploads\/2026\/02\/autora-1-219x300.png 219w, https:\/\/funeseditora.com\/wp-content\/uploads\/2026\/02\/autora-1-44x60.png 44w\" sizes=\"(max-width: 512px) 100vw, 512px\" \/>\t\t\t\t\t\t\t\t\t\t\t\t\t\t\t<\/div>\n\t\t\t\t<\/div>\n\t\t<div class=\"elementor-element elementor-element-23e78db e-con-full e-flex e-con e-child\" data-id=\"23e78db\" data-element_type=\"container\" data-e-type=\"container\">\n\t\t\t\t<div class=\"elementor-element elementor-element-52f9174 elementor-widget elementor-widget-image\" data-id=\"52f9174\" data-element_type=\"widget\" data-e-type=\"widget\" data-widget_type=\"image.default\">\n\t\t\t\t\t\t\t\t\t\t\t\t\t\t\t<img decoding=\"async\" width=\"512\" height=\"512\" src=\"https:\/\/funeseditora.com\/wp-content\/uploads\/2026\/02\/2-2.png\" class=\"attachment-large size-large wp-image-1173\" alt=\"\" srcset=\"https:\/\/funeseditora.com\/wp-content\/uploads\/2026\/02\/2-2.png 512w, https:\/\/funeseditora.com\/wp-content\/uploads\/2026\/02\/2-2-300x300.png 300w, https:\/\/funeseditora.com\/wp-content\/uploads\/2026\/02\/2-2-150x150.png 150w, https:\/\/funeseditora.com\/wp-content\/uploads\/2026\/02\/2-2-60x60.png 60w\" sizes=\"(max-width: 512px) 100vw, 512px\" \/>\t\t\t\t\t\t\t\t\t\t\t\t\t\t\t<\/div>\n\t\t\t\t<\/div>\n\t\t<div class=\"elementor-element elementor-element-a77b8d3 e-con-full e-flex e-con e-child\" data-id=\"a77b8d3\" data-element_type=\"container\" data-e-type=\"container\">\n\t\t\t\t<div class=\"elementor-element elementor-element-4a3f8cd elementor-invisible elementor-widget elementor-widget-text-editor\" data-id=\"4a3f8cd\" data-element_type=\"widget\" data-e-type=\"widget\" data-settings=\"{&quot;_animation&quot;:&quot;fadeInRight&quot;}\" data-widget_type=\"text-editor.default\">\n\t\t\t\t\t\t\t\t\t<p>En el 2011 fue parte de la exposici\u00f3n <em>The Use of Everything<\/em> <em>Contemporary drawings from Guayaquil<\/em> en COCA Seattle, Washington.<\/p><p>En el 2016 gan\u00f3 el premio Brasil del Centro de Arte Contempor\u00e1neo de Quito.<\/p><p>En el 2017 realiz\u00f3 la exposici\u00f3n individual <em>Cherry me dice cosas que no quiero saber<\/em> por los 10 a\u00f1os del premio del Sal\u00f3n de julio.<\/p><p>En el 2018 participa en la XIV Bienal de Cuenca <em>Estructuras vivientes. El arte como ex<\/em><em>periencia plural.<\/em><\/p>\t\t\t\t\t\t\t\t<\/div>\n\t\t\t\t<\/div>\n\t\t\t\t\t<\/div>\n\t\t\t\t<\/div>\n\t\t<div class=\"elementor-element elementor-element-81fb0f2 e-flex e-con-boxed elementor-invisible e-con e-parent\" data-id=\"81fb0f2\" data-element_type=\"container\" data-e-type=\"container\" data-settings=\"{&quot;animation&quot;:&quot;fadeIn&quot;}\">\n\t\t\t\t\t<div class=\"e-con-inner\">\n\t\t<div class=\"elementor-element elementor-element-e563813 e-con-full e-flex e-con e-child\" data-id=\"e563813\" data-element_type=\"container\" data-e-type=\"container\">\n\t\t\t\t<div class=\"elementor-element elementor-element-bd82925 elementor-widget elementor-widget-image\" data-id=\"bd82925\" data-element_type=\"widget\" data-e-type=\"widget\" data-widget_type=\"image.default\">\n\t\t\t\t\t\t\t\t\t\t\t\t<figure class=\"wp-caption\">\n\t\t\t\t\t\t\t\t\t\t\t<a href=\"https:\/\/funeseditora.com\/?page_id=1250\">\n\t\t\t\t\t\t\t<img decoding=\"async\" width=\"900\" height=\"900\" src=\"https:\/\/funeseditora.com\/wp-content\/uploads\/2021\/01\/Mabel-Tapia-900px-1.png\" class=\"attachment-large size-large wp-image-576\" alt=\"\" srcset=\"https:\/\/funeseditora.com\/wp-content\/uploads\/2021\/01\/Mabel-Tapia-900px-1.png 900w, https:\/\/funeseditora.com\/wp-content\/uploads\/2021\/01\/Mabel-Tapia-900px-1-300x300.png 300w, https:\/\/funeseditora.com\/wp-content\/uploads\/2021\/01\/Mabel-Tapia-900px-1-150x150.png 150w, https:\/\/funeseditora.com\/wp-content\/uploads\/2021\/01\/Mabel-Tapia-900px-1-768x768.png 768w, https:\/\/funeseditora.com\/wp-content\/uploads\/2021\/01\/Mabel-Tapia-900px-1-60x60.png 60w, https:\/\/funeseditora.com\/wp-content\/uploads\/2021\/01\/Mabel-Tapia-900px-1-800x800.png 800w\" sizes=\"(max-width: 900px) 100vw, 900px\" \/>\t\t\t\t\t\t\t\t<\/a>\n\t\t\t\t\t\t\t\t\t\t\t<figcaption class=\"widget-image-caption wp-caption-text\">Mabel Tapia<\/figcaption>\n\t\t\t\t\t\t\t\t\t\t<\/figure>\n\t\t\t\t\t\t\t\t\t<\/div>\n\t\t\t\t<\/div>\n\t\t<div class=\"elementor-element elementor-element-aef68c9 e-con-full e-flex e-con e-child\" data-id=\"aef68c9\" data-element_type=\"container\" data-e-type=\"container\">\n\t\t\t\t<div class=\"elementor-element elementor-element-e362152 elementor-widget elementor-widget-image\" data-id=\"e362152\" data-element_type=\"widget\" data-e-type=\"widget\" data-widget_type=\"image.default\">\n\t\t\t\t\t\t\t\t\t\t\t\t<figure class=\"wp-caption\">\n\t\t\t\t\t\t\t\t\t\t\t<a href=\"https:\/\/funeseditora.com\/?page_id=627\">\n\t\t\t\t\t\t\t<img loading=\"lazy\" decoding=\"async\" width=\"900\" height=\"900\" src=\"https:\/\/funeseditora.com\/wp-content\/uploads\/2021\/01\/Pilar-Gavilanes-900px.png\" class=\"attachment-large size-large wp-image-631\" alt=\"\" srcset=\"https:\/\/funeseditora.com\/wp-content\/uploads\/2021\/01\/Pilar-Gavilanes-900px.png 900w, https:\/\/funeseditora.com\/wp-content\/uploads\/2021\/01\/Pilar-Gavilanes-900px-300x300.png 300w, https:\/\/funeseditora.com\/wp-content\/uploads\/2021\/01\/Pilar-Gavilanes-900px-150x150.png 150w, https:\/\/funeseditora.com\/wp-content\/uploads\/2021\/01\/Pilar-Gavilanes-900px-768x768.png 768w, https:\/\/funeseditora.com\/wp-content\/uploads\/2021\/01\/Pilar-Gavilanes-900px-60x60.png 60w, https:\/\/funeseditora.com\/wp-content\/uploads\/2021\/01\/Pilar-Gavilanes-900px-800x800.png 800w\" sizes=\"(max-width: 900px) 100vw, 900px\" \/>\t\t\t\t\t\t\t\t<\/a>\n\t\t\t\t\t\t\t\t\t\t\t<figcaption class=\"widget-image-caption wp-caption-text\">Mar\u00eda del Pilar Gavilanes<\/figcaption>\n\t\t\t\t\t\t\t\t\t\t<\/figure>\n\t\t\t\t\t\t\t\t\t<\/div>\n\t\t\t\t<\/div>\n\t\t\t\t\t<\/div>\n\t\t\t\t<\/div>\n\t\t\t\t<\/div>\n\t\t","protected":false},"excerpt":{"rendered":"<p>Mar\u00eda Gabriela Ch\u00e9rrez. Artista. Estudi\u00f3 en el Instituto Superior Tecnol\u00f3gico de Artes del Ecuador (ITAE). Es Licenciada en Artes Visuales con menci\u00f3n en Pintura. Estudi\u00f3 un M\u00e1ster en Creaci\u00f3n Art\u00edstica Contempor\u00e1nea en la Universidad de Barcelona.\u00a0 Ha trabajado en gesti\u00f3n cultural y mediaci\u00f3n art\u00edstica. Se desempe\u00f1\u00f3 como docente en la Universidad de la Artes del Ecuador. Ha expuesto en varias galer\u00edas del pa\u00eds. Obtuvo el primer lugar en el Sal\u00f3n de Julio en el 2007 y la beca DPM en el mismo a\u00f1o. En el 2011 fue parte de la exposici\u00f3n The Use of Everything Contemporary drawings from Guayaquil en &hellip; <\/p>\n","protected":false},"author":1,"featured_media":0,"parent":0,"menu_order":0,"comment_status":"closed","ping_status":"closed","template":"","meta":{"footnotes":""},"class_list":["post-622","page","type-page","status-publish","hentry"],"_links":{"self":[{"href":"https:\/\/funeseditora.com\/index.php?rest_route=\/wp\/v2\/pages\/622","targetHints":{"allow":["GET"]}}],"collection":[{"href":"https:\/\/funeseditora.com\/index.php?rest_route=\/wp\/v2\/pages"}],"about":[{"href":"https:\/\/funeseditora.com\/index.php?rest_route=\/wp\/v2\/types\/page"}],"author":[{"embeddable":true,"href":"https:\/\/funeseditora.com\/index.php?rest_route=\/wp\/v2\/users\/1"}],"replies":[{"embeddable":true,"href":"https:\/\/funeseditora.com\/index.php?rest_route=%2Fwp%2Fv2%2Fcomments&post=622"}],"version-history":[{"count":78,"href":"https:\/\/funeseditora.com\/index.php?rest_route=\/wp\/v2\/pages\/622\/revisions"}],"predecessor-version":[{"id":1873,"href":"https:\/\/funeseditora.com\/index.php?rest_route=\/wp\/v2\/pages\/622\/revisions\/1873"}],"wp:attachment":[{"href":"https:\/\/funeseditora.com\/index.php?rest_route=%2Fwp%2Fv2%2Fmedia&parent=622"}],"curies":[{"name":"wp","href":"https:\/\/api.w.org\/{rel}","templated":true}]}}