{"id":23,"date":"2018-05-23T06:21:50","date_gmt":"2018-05-23T06:21:50","guid":{"rendered":"http:\/\/rarathemesdemo.com\/perfect-portfolio\/?page_id=23"},"modified":"2026-03-22T19:03:18","modified_gmt":"2026-03-22T19:03:18","slug":"nosotros","status":"publish","type":"page","link":"https:\/\/funeseditora.com\/?page_id=23","title":{"rendered":"Nosotras"},"content":{"rendered":"\t\t<div data-elementor-type=\"wp-page\" data-elementor-id=\"23\" class=\"elementor elementor-23\">\n\t\t\t\t<div class=\"elementor-element elementor-element-be1cfd1 e-flex e-con-boxed e-con e-parent\" data-id=\"be1cfd1\" data-element_type=\"container\" data-e-type=\"container\">\n\t\t\t\t\t<div class=\"e-con-inner\">\n\t\t<div class=\"elementor-element elementor-element-be81cc8 e-con-full e-flex e-con e-child\" data-id=\"be81cc8\" data-element_type=\"container\" data-e-type=\"container\">\n\t\t\t\t<\/div>\n\t\t<div class=\"elementor-element elementor-element-c0a78b7 e-con-full e-flex e-con e-child\" data-id=\"c0a78b7\" data-element_type=\"container\" data-e-type=\"container\">\n\t\t\t\t<div class=\"elementor-element elementor-element-358f489 elementor-invisible elementor-widget elementor-widget-text-editor\" data-id=\"358f489\" data-element_type=\"widget\" data-e-type=\"widget\" data-settings=\"{&quot;_animation&quot;:&quot;fadeIn&quot;}\" data-widget_type=\"text-editor.default\">\n\t\t\t\t\t\t\t\t\t<p>Somos una editorial independiente, con base en Ecuador, creada en 2017. Manejamos tres colecciones: <strong>Horizontes<\/strong>, enfocada en ensayos cr\u00edticos sobre pr\u00e1cticas art\u00edsticas; <strong>Ensambles<\/strong>, basada en curadur\u00edas a partir de pr\u00e1cticas art\u00edsticas; y <strong>Esquivas<\/strong>, compuesta por cartas, poemas y otras misivas. Nuestras publicaciones se encuentran en librer\u00edas de Ecuador, Per\u00fa, Chile y Colombia.<\/p>\t\t\t\t\t\t\t\t<\/div>\n\t\t\t\t<\/div>\n\t\t<div class=\"elementor-element elementor-element-6470ba3 e-con-full e-flex e-con e-child\" data-id=\"6470ba3\" data-element_type=\"container\" data-e-type=\"container\">\n\t\t\t\t<\/div>\n\t\t\t\t\t<\/div>\n\t\t\t\t<\/div>\n\t\t<div class=\"elementor-element elementor-element-441a25e e-grid e-con-boxed e-con e-parent\" data-id=\"441a25e\" data-element_type=\"container\" data-e-type=\"container\">\n\t\t\t\t\t<div class=\"e-con-inner\">\n\t\t\t\t<div class=\"elementor-element elementor-element-973b9f6 elementor-widget elementor-widget-image\" data-id=\"973b9f6\" data-element_type=\"widget\" data-e-type=\"widget\" data-widget_type=\"image.default\">\n\t\t\t\t\t\t\t\t\t\t\t\t<figure class=\"wp-caption\">\n\t\t\t\t\t\t\t\t\t\t\t<a href=\"https:\/\/funeseditora.com\/?page_id=622\">\n\t\t\t\t\t\t\t<img fetchpriority=\"high\" decoding=\"async\" width=\"900\" height=\"900\" src=\"https:\/\/funeseditora.com\/wp-content\/uploads\/2021\/01\/Maria-Gabriela-900px-1.png\" class=\"attachment-large size-large wp-image-577\" alt=\"\" srcset=\"https:\/\/funeseditora.com\/wp-content\/uploads\/2021\/01\/Maria-Gabriela-900px-1.png 900w, https:\/\/funeseditora.com\/wp-content\/uploads\/2021\/01\/Maria-Gabriela-900px-1-300x300.png 300w, https:\/\/funeseditora.com\/wp-content\/uploads\/2021\/01\/Maria-Gabriela-900px-1-150x150.png 150w, https:\/\/funeseditora.com\/wp-content\/uploads\/2021\/01\/Maria-Gabriela-900px-1-768x768.png 768w, https:\/\/funeseditora.com\/wp-content\/uploads\/2021\/01\/Maria-Gabriela-900px-1-60x60.png 60w, https:\/\/funeseditora.com\/wp-content\/uploads\/2021\/01\/Maria-Gabriela-900px-1-800x800.png 800w, https:\/\/funeseditora.com\/wp-content\/uploads\/2021\/01\/elementor\/thumbs\/Maria-Gabriela-900px-1-p19v8x7f0g9dcf63o5hjdwqvuo55pkoyibbpe8dt3q.png 16w\" sizes=\"(max-width: 900px) 100vw, 900px\" \/>\t\t\t\t\t\t\t\t<\/a>\n\t\t\t\t\t\t\t\t\t\t\t<figcaption class=\"widget-image-caption wp-caption-text\">Mar\u00eda Gabriela Ch\u00e9rrez<\/figcaption>\n\t\t\t\t\t\t\t\t\t\t<\/figure>\n\t\t\t\t\t\t\t\t\t<\/div>\n\t\t\t\t<div class=\"elementor-element elementor-element-3f5e0a2 elementor-widget elementor-widget-image\" data-id=\"3f5e0a2\" data-element_type=\"widget\" data-e-type=\"widget\" data-widget_type=\"image.default\">\n\t\t\t\t\t\t\t\t\t\t\t\t<figure class=\"wp-caption\">\n\t\t\t\t\t\t\t\t\t\t\t<a href=\"https:\/\/funeseditora.com\/?page_id=1250\">\n\t\t\t\t\t\t\t<img decoding=\"async\" width=\"900\" height=\"900\" src=\"https:\/\/funeseditora.com\/wp-content\/uploads\/2021\/01\/Mabel-Tapia-900px-1.png\" class=\"attachment-large size-large wp-image-576\" alt=\"\" srcset=\"https:\/\/funeseditora.com\/wp-content\/uploads\/2021\/01\/Mabel-Tapia-900px-1.png 900w, https:\/\/funeseditora.com\/wp-content\/uploads\/2021\/01\/Mabel-Tapia-900px-1-300x300.png 300w, https:\/\/funeseditora.com\/wp-content\/uploads\/2021\/01\/Mabel-Tapia-900px-1-150x150.png 150w, https:\/\/funeseditora.com\/wp-content\/uploads\/2021\/01\/Mabel-Tapia-900px-1-768x768.png 768w, https:\/\/funeseditora.com\/wp-content\/uploads\/2021\/01\/Mabel-Tapia-900px-1-60x60.png 60w, https:\/\/funeseditora.com\/wp-content\/uploads\/2021\/01\/Mabel-Tapia-900px-1-800x800.png 800w\" sizes=\"(max-width: 900px) 100vw, 900px\" \/>\t\t\t\t\t\t\t\t<\/a>\n\t\t\t\t\t\t\t\t\t\t\t<figcaption class=\"widget-image-caption wp-caption-text\">Mabel Tapia<\/figcaption>\n\t\t\t\t\t\t\t\t\t\t<\/figure>\n\t\t\t\t\t\t\t\t\t<\/div>\n\t\t\t\t<div class=\"elementor-element elementor-element-4341f44 elementor-widget elementor-widget-image\" data-id=\"4341f44\" data-element_type=\"widget\" data-e-type=\"widget\" data-widget_type=\"image.default\">\n\t\t\t\t\t\t\t\t\t\t\t\t<figure class=\"wp-caption\">\n\t\t\t\t\t\t\t\t\t\t\t<a href=\"https:\/\/funeseditora.com\/?page_id=627\">\n\t\t\t\t\t\t\t<img decoding=\"async\" width=\"900\" height=\"900\" src=\"https:\/\/funeseditora.com\/wp-content\/uploads\/2021\/01\/Pilar-Gavilanes-900px.png\" class=\"attachment-large size-large wp-image-631\" alt=\"\" srcset=\"https:\/\/funeseditora.com\/wp-content\/uploads\/2021\/01\/Pilar-Gavilanes-900px.png 900w, https:\/\/funeseditora.com\/wp-content\/uploads\/2021\/01\/Pilar-Gavilanes-900px-300x300.png 300w, https:\/\/funeseditora.com\/wp-content\/uploads\/2021\/01\/Pilar-Gavilanes-900px-150x150.png 150w, https:\/\/funeseditora.com\/wp-content\/uploads\/2021\/01\/Pilar-Gavilanes-900px-768x768.png 768w, https:\/\/funeseditora.com\/wp-content\/uploads\/2021\/01\/Pilar-Gavilanes-900px-60x60.png 60w, https:\/\/funeseditora.com\/wp-content\/uploads\/2021\/01\/Pilar-Gavilanes-900px-800x800.png 800w\" sizes=\"(max-width: 900px) 100vw, 900px\" \/>\t\t\t\t\t\t\t\t<\/a>\n\t\t\t\t\t\t\t\t\t\t\t<figcaption class=\"widget-image-caption wp-caption-text\">Mar\u00eda del Pilar Gavilanes<\/figcaption>\n\t\t\t\t\t\t\t\t\t\t<\/figure>\n\t\t\t\t\t\t\t\t\t<\/div>\n\t\t\t\t\t<\/div>\n\t\t\t\t<\/div>\n\t\t<div class=\"elementor-element elementor-element-24d751a e-flex e-con-boxed e-con e-parent\" data-id=\"24d751a\" data-element_type=\"container\" data-e-type=\"container\">\n\t\t\t\t\t<div class=\"e-con-inner\">\n\t\t<div class=\"elementor-element elementor-element-2e1e130 e-con-full e-flex e-con e-child\" data-id=\"2e1e130\" data-element_type=\"container\" data-e-type=\"container\">\n\t\t\t\t<\/div>\n\t\t<div class=\"elementor-element elementor-element-f6e43f1 e-con-full e-flex e-con e-child\" data-id=\"f6e43f1\" data-element_type=\"container\" data-e-type=\"container\">\n\t\t\t\t<div class=\"elementor-element elementor-element-32599e2 elementor-invisible elementor-widget elementor-widget-text-editor\" data-id=\"32599e2\" data-element_type=\"widget\" data-e-type=\"widget\" data-settings=\"{&quot;_animation&quot;:&quot;fadeIn&quot;}\" data-widget_type=\"text-editor.default\">\n\t\t\t\t\t\t\t\t\t<h3><strong>Correcci\u00f3n de textos<\/strong><\/h3><p>Diana Medina Mel\u00e9ndez<\/p><p><a href=\"mailto:elfaro.manuscritos@gmail.com\" target=\"_blank\" rel=\"noreferrer noopener\">elfaro.manuscritos@gmail.com<\/a><\/p>\t\t\t\t\t\t\t\t<\/div>\n\t\t\t\t<\/div>\n\t\t<div class=\"elementor-element elementor-element-0aedd42 e-con-full e-flex e-con e-child\" data-id=\"0aedd42\" data-element_type=\"container\" data-e-type=\"container\">\n\t\t\t\t<\/div>\n\t\t\t\t\t<\/div>\n\t\t\t\t<\/div>\n\t\t<div class=\"elementor-element elementor-element-9167db8 e-grid e-con-boxed e-con e-parent\" data-id=\"9167db8\" data-element_type=\"container\" data-e-type=\"container\">\n\t\t\t\t\t<div class=\"e-con-inner\">\n\t\t\t\t<div class=\"elementor-element elementor-element-0c9d825 elementor-widget elementor-widget-text-editor\" data-id=\"0c9d825\" data-element_type=\"widget\" data-e-type=\"widget\" data-widget_type=\"text-editor.default\">\n\t\t\t\t\t\t\t\t\t<h3>\u00a0<\/h3><p>Sebasti\u00e1n S\u00e1nchez Ord\u00f3\u00f1ez<\/p><p><a href=\"mailto:sebastiansord@gmail.com\" target=\"_blank\" rel=\"noreferrer noopener\">sebastiansord@gmail.com<\/a><\/p>\t\t\t\t\t\t\t\t<\/div>\n\t\t\t\t<div class=\"elementor-element elementor-element-63b48a4 elementor-widget elementor-widget-text-editor\" data-id=\"63b48a4\" data-element_type=\"widget\" data-e-type=\"widget\" data-widget_type=\"text-editor.default\">\n\t\t\t\t\t\t\t\t\t<h3>Dise\u00f1os<\/h3><p>Diana V\u00e1zquez<\/p><p><a href=\"https:\/\/www.behance.net\/dianola-ola\" data-wplink-edit=\"true\">https:\/\/www.behance.net\/dianola-ola<\/a><\/p>\t\t\t\t\t\t\t\t<\/div>\n\t\t\t\t<div class=\"elementor-element elementor-element-abf9dcb elementor-widget elementor-widget-text-editor\" data-id=\"abf9dcb\" data-element_type=\"widget\" data-e-type=\"widget\" data-widget_type=\"text-editor.default\">\n\t\t\t\t\t\t\t\t\t<h3>\u00a0<\/h3><p>Gabriela Serrano<\/p><p><a href=\"https:\/\/www.behance.net\/gabrielaserrano8\">https:\/\/www.behance.net\/gabrielaserrano8\u00a0<\/a><\/p>\t\t\t\t\t\t\t\t<\/div>\n\t\t\t\t\t<\/div>\n\t\t\t\t<\/div>\n\t\t\t\t<\/div>\n\t\t","protected":false},"excerpt":{"rendered":"<p>Somos una editorial independiente, con base en Ecuador, creada en 2017. Manejamos tres colecciones: Horizontes, enfocada en ensayos cr\u00edticos sobre pr\u00e1cticas art\u00edsticas; Ensambles, basada en curadur\u00edas a partir de pr\u00e1cticas art\u00edsticas; y Esquivas, compuesta por cartas, poemas y otras misivas. Nuestras publicaciones se encuentran en librer\u00edas de Ecuador, Per\u00fa, Chile y Colombia. Mar\u00eda Gabriela Ch\u00e9rrez Mabel Tapia Mar\u00eda del Pilar Gavilanes Correcci\u00f3n de textos Diana Medina Mel\u00e9ndez elfaro.manuscritos@gmail.com \u00a0 Sebasti\u00e1n S\u00e1nchez Ord\u00f3\u00f1ez sebastiansord@gmail.com Dise\u00f1os Diana V\u00e1zquez https:\/\/www.behance.net\/dianola-ola \u00a0 Gabriela Serrano https:\/\/www.behance.net\/gabrielaserrano8\u00a0<\/p>\n","protected":false},"author":1,"featured_media":0,"parent":0,"menu_order":0,"comment_status":"closed","ping_status":"closed","template":"","meta":{"footnotes":""},"class_list":["post-23","page","type-page","status-publish","hentry"],"_links":{"self":[{"href":"https:\/\/funeseditora.com\/index.php?rest_route=\/wp\/v2\/pages\/23","targetHints":{"allow":["GET"]}}],"collection":[{"href":"https:\/\/funeseditora.com\/index.php?rest_route=\/wp\/v2\/pages"}],"about":[{"href":"https:\/\/funeseditora.com\/index.php?rest_route=\/wp\/v2\/types\/page"}],"author":[{"embeddable":true,"href":"https:\/\/funeseditora.com\/index.php?rest_route=\/wp\/v2\/users\/1"}],"replies":[{"embeddable":true,"href":"https:\/\/funeseditora.com\/index.php?rest_route=%2Fwp%2Fv2%2Fcomments&post=23"}],"version-history":[{"count":108,"href":"https:\/\/funeseditora.com\/index.php?rest_route=\/wp\/v2\/pages\/23\/revisions"}],"predecessor-version":[{"id":2152,"href":"https:\/\/funeseditora.com\/index.php?rest_route=\/wp\/v2\/pages\/23\/revisions\/2152"}],"wp:attachment":[{"href":"https:\/\/funeseditora.com\/index.php?rest_route=%2Fwp%2Fv2%2Fmedia&parent=23"}],"curies":[{"name":"wp","href":"https:\/\/api.w.org\/{rel}","templated":true}]}}