{"id":1309,"date":"2026-02-21T21:56:56","date_gmt":"2026-02-21T21:56:56","guid":{"rendered":"https:\/\/funeseditora.com\/?page_id=1309"},"modified":"2026-03-04T16:09:08","modified_gmt":"2026-03-04T16:09:08","slug":"ensambles","status":"publish","type":"page","link":"https:\/\/funeseditora.com\/?page_id=1309","title":{"rendered":"Ensambles"},"content":{"rendered":"\t\t<div data-elementor-type=\"wp-page\" data-elementor-id=\"1309\" class=\"elementor elementor-1309\">\n\t\t\t\t<div class=\"elementor-element elementor-element-954f917 e-flex e-con-boxed e-con e-parent\" data-id=\"954f917\" data-element_type=\"container\" data-e-type=\"container\" data-settings=\"{&quot;background_background&quot;:&quot;classic&quot;}\">\n\t\t\t\t\t<div class=\"e-con-inner\">\n\t\t\t\t<div class=\"elementor-element elementor-element-79a5c57 elementor-widget elementor-widget-text-editor\" data-id=\"79a5c57\" data-element_type=\"widget\" data-e-type=\"widget\" data-widget_type=\"text-editor.default\">\n\t\t\t\t\t\t\t\t\t<p>Curadur\u00edas a partir de pr\u00e1cticas art\u00edsticas<\/p>\t\t\t\t\t\t\t\t<\/div>\n\t\t\t\t\t<\/div>\n\t\t\t\t<\/div>\n\t\t<div class=\"elementor-element elementor-element-b262552 e-grid e-con-boxed e-con e-parent\" data-id=\"b262552\" data-element_type=\"container\" data-e-type=\"container\" data-settings=\"{&quot;background_background&quot;:&quot;classic&quot;}\">\n\t\t\t\t\t<div class=\"e-con-inner\">\n\t\t\t\t<div class=\"elementor-element elementor-element-2f1eeca elementor-widget elementor-widget-image\" data-id=\"2f1eeca\" data-element_type=\"widget\" data-e-type=\"widget\" data-widget_type=\"image.default\">\n\t\t\t\t\t\t\t\t\t\t\t\t<figure class=\"wp-caption\">\n\t\t\t\t\t\t\t\t\t\t\t<a href=\"https:\/\/funeseditora.com\/?page_id=1420\">\n\t\t\t\t\t\t\t<img fetchpriority=\"high\" decoding=\"async\" width=\"1024\" height=\"1024\" src=\"https:\/\/funeseditora.com\/wp-content\/uploads\/2026\/03\/Libro-3-1024x1024.png\" class=\"elementor-animation-float attachment-large size-large wp-image-1821\" alt=\"\" srcset=\"https:\/\/funeseditora.com\/wp-content\/uploads\/2026\/03\/Libro-3-1024x1024.png 1024w, https:\/\/funeseditora.com\/wp-content\/uploads\/2026\/03\/Libro-3-300x300.png 300w, https:\/\/funeseditora.com\/wp-content\/uploads\/2026\/03\/Libro-3-150x150.png 150w, https:\/\/funeseditora.com\/wp-content\/uploads\/2026\/03\/Libro-3-768x768.png 768w, https:\/\/funeseditora.com\/wp-content\/uploads\/2026\/03\/Libro-3-1536x1536.png 1536w, https:\/\/funeseditora.com\/wp-content\/uploads\/2026\/03\/Libro-3-60x60.png 60w, https:\/\/funeseditora.com\/wp-content\/uploads\/2026\/03\/Libro-3-800x800.png 800w, https:\/\/funeseditora.com\/wp-content\/uploads\/2026\/03\/Libro-3.png 1600w\" sizes=\"(max-width: 1024px) 100vw, 1024px\" \/>\t\t\t\t\t\t\t\t<\/a>\n\t\t\t\t\t\t\t\t\t\t\t<figcaption class=\"widget-image-caption wp-caption-text\">Lo dem\u00e1s se desea. AmorFia<\/figcaption>\n\t\t\t\t\t\t\t\t\t\t<\/figure>\n\t\t\t\t\t\t\t\t\t<\/div>\n\t\t\t\t<div class=\"elementor-element elementor-element-86eb27a elementor-widget elementor-widget-image\" data-id=\"86eb27a\" data-element_type=\"widget\" data-e-type=\"widget\" data-widget_type=\"image.default\">\n\t\t\t\t\t\t\t\t\t\t\t\t<figure class=\"wp-caption\">\n\t\t\t\t\t\t\t\t\t\t\t<a href=\"https:\/\/funeseditora.com\/?page_id=1429\">\n\t\t\t\t\t\t\t<img decoding=\"async\" width=\"1024\" height=\"1024\" src=\"https:\/\/funeseditora.com\/wp-content\/uploads\/2026\/03\/Libro-4-1024x1024.png\" class=\"elementor-animation-float attachment-large size-large wp-image-1822\" alt=\"\" srcset=\"https:\/\/funeseditora.com\/wp-content\/uploads\/2026\/03\/Libro-4-1024x1024.png 1024w, https:\/\/funeseditora.com\/wp-content\/uploads\/2026\/03\/Libro-4-300x300.png 300w, https:\/\/funeseditora.com\/wp-content\/uploads\/2026\/03\/Libro-4-150x150.png 150w, https:\/\/funeseditora.com\/wp-content\/uploads\/2026\/03\/Libro-4-768x768.png 768w, https:\/\/funeseditora.com\/wp-content\/uploads\/2026\/03\/Libro-4-1536x1536.png 1536w, https:\/\/funeseditora.com\/wp-content\/uploads\/2026\/03\/Libro-4-60x60.png 60w, https:\/\/funeseditora.com\/wp-content\/uploads\/2026\/03\/Libro-4-800x800.png 800w, https:\/\/funeseditora.com\/wp-content\/uploads\/2026\/03\/Libro-4.png 1600w\" sizes=\"(max-width: 1024px) 100vw, 1024px\" \/>\t\t\t\t\t\t\t\t<\/a>\n\t\t\t\t\t\t\t\t\t\t\t<figcaption class=\"widget-image-caption wp-caption-text\">Lo dem\u00e1s se desea. Montajes<\/figcaption>\n\t\t\t\t\t\t\t\t\t\t<\/figure>\n\t\t\t\t\t\t\t\t\t<\/div>\n\t\t\t\t<div class=\"elementor-element elementor-element-5400f3b elementor-widget elementor-widget-image\" data-id=\"5400f3b\" data-element_type=\"widget\" data-e-type=\"widget\" data-widget_type=\"image.default\">\n\t\t\t\t\t\t\t\t\t\t\t\t<figure class=\"wp-caption\">\n\t\t\t\t\t\t\t\t\t\t\t<a href=\"https:\/\/funeseditora.com\/?page_id=1446\">\n\t\t\t\t\t\t\t<img decoding=\"async\" width=\"1024\" height=\"1024\" src=\"https:\/\/funeseditora.com\/wp-content\/uploads\/2026\/03\/Libro-8-1024x1024.png\" class=\"elementor-animation-float attachment-large size-large wp-image-1826\" alt=\"\" srcset=\"https:\/\/funeseditora.com\/wp-content\/uploads\/2026\/03\/Libro-8-1024x1024.png 1024w, https:\/\/funeseditora.com\/wp-content\/uploads\/2026\/03\/Libro-8-300x300.png 300w, https:\/\/funeseditora.com\/wp-content\/uploads\/2026\/03\/Libro-8-150x150.png 150w, https:\/\/funeseditora.com\/wp-content\/uploads\/2026\/03\/Libro-8-768x768.png 768w, https:\/\/funeseditora.com\/wp-content\/uploads\/2026\/03\/Libro-8-1536x1536.png 1536w, https:\/\/funeseditora.com\/wp-content\/uploads\/2026\/03\/Libro-8-60x60.png 60w, https:\/\/funeseditora.com\/wp-content\/uploads\/2026\/03\/Libro-8-800x800.png 800w, https:\/\/funeseditora.com\/wp-content\/uploads\/2026\/03\/Libro-8.png 1600w\" sizes=\"(max-width: 1024px) 100vw, 1024px\" \/>\t\t\t\t\t\t\t\t<\/a>\n\t\t\t\t\t\t\t\t\t\t\t<figcaption class=\"widget-image-caption wp-caption-text\">Lo dem\u00e1s se desea.Topograf\u00edas<\/figcaption>\n\t\t\t\t\t\t\t\t\t\t<\/figure>\n\t\t\t\t\t\t\t\t\t<\/div>\n\t\t\t\t\t<\/div>\n\t\t\t\t<\/div>\n\t\t\t\t<\/div>\n\t\t","protected":false},"excerpt":{"rendered":"<p>Curadur\u00edas a partir de pr\u00e1cticas art\u00edsticas Lo dem\u00e1s se desea. AmorFia Lo dem\u00e1s se desea. Montajes Lo dem\u00e1s se desea.Topograf\u00edas<\/p>\n","protected":false},"author":1,"featured_media":0,"parent":0,"menu_order":0,"comment_status":"closed","ping_status":"closed","template":"","meta":{"footnotes":""},"class_list":["post-1309","page","type-page","status-publish","hentry"],"_links":{"self":[{"href":"https:\/\/funeseditora.com\/index.php?rest_route=\/wp\/v2\/pages\/1309","targetHints":{"allow":["GET"]}}],"collection":[{"href":"https:\/\/funeseditora.com\/index.php?rest_route=\/wp\/v2\/pages"}],"about":[{"href":"https:\/\/funeseditora.com\/index.php?rest_route=\/wp\/v2\/types\/page"}],"author":[{"embeddable":true,"href":"https:\/\/funeseditora.com\/index.php?rest_route=\/wp\/v2\/users\/1"}],"replies":[{"embeddable":true,"href":"https:\/\/funeseditora.com\/index.php?rest_route=%2Fwp%2Fv2%2Fcomments&post=1309"}],"version-history":[{"count":31,"href":"https:\/\/funeseditora.com\/index.php?rest_route=\/wp\/v2\/pages\/1309\/revisions"}],"predecessor-version":[{"id":1885,"href":"https:\/\/funeseditora.com\/index.php?rest_route=\/wp\/v2\/pages\/1309\/revisions\/1885"}],"wp:attachment":[{"href":"https:\/\/funeseditora.com\/index.php?rest_route=%2Fwp%2Fv2%2Fmedia&parent=1309"}],"curies":[{"name":"wp","href":"https:\/\/api.w.org\/{rel}","templated":true}]}}