{"id":1308,"date":"2026-02-21T21:56:56","date_gmt":"2026-02-21T21:56:56","guid":{"rendered":"https:\/\/funeseditora.com\/?page_id=1308"},"modified":"2026-03-04T22:34:12","modified_gmt":"2026-03-04T22:34:12","slug":"horizontes","status":"publish","type":"page","link":"https:\/\/funeseditora.com\/?page_id=1308","title":{"rendered":"Horizontes"},"content":{"rendered":"\t\t<div data-elementor-type=\"wp-page\" data-elementor-id=\"1308\" class=\"elementor elementor-1308\">\n\t\t\t\t<div class=\"elementor-element elementor-element-34b9879 e-flex e-con-boxed elementor-invisible e-con e-parent\" data-id=\"34b9879\" data-element_type=\"container\" data-e-type=\"container\" data-settings=\"{&quot;animation&quot;:&quot;fadeIn&quot;,&quot;background_background&quot;:&quot;classic&quot;}\">\n\t\t\t\t\t<div class=\"e-con-inner\">\n\t\t\t\t<div class=\"elementor-element elementor-element-422a0fc elementor-widget elementor-widget-text-editor\" data-id=\"422a0fc\" data-element_type=\"widget\" data-e-type=\"widget\" data-widget_type=\"text-editor.default\">\n\t\t\t\t\t\t\t\t\t<p>Ensayos cr\u00edticos sobre pr\u00e1cticas art\u00edsticas<\/p>\t\t\t\t\t\t\t\t<\/div>\n\t\t\t\t\t<\/div>\n\t\t\t\t<\/div>\n\t\t<div class=\"elementor-element elementor-element-337025b e-flex e-con-boxed elementor-invisible e-con e-parent\" data-id=\"337025b\" data-element_type=\"container\" data-e-type=\"container\" data-settings=\"{&quot;animation&quot;:&quot;fadeIn&quot;,&quot;background_background&quot;:&quot;classic&quot;}\">\n\t\t\t\t\t<div class=\"e-con-inner\">\n\t\t<div class=\"elementor-element elementor-element-f972d31 e-con-full e-flex e-con e-child\" data-id=\"f972d31\" data-element_type=\"container\" data-e-type=\"container\">\n\t\t\t\t<div class=\"elementor-element elementor-element-e560e7b elementor-widget elementor-widget-image\" data-id=\"e560e7b\" data-element_type=\"widget\" data-e-type=\"widget\" data-widget_type=\"image.default\">\n\t\t\t\t\t\t\t\t\t\t\t\t<figure class=\"wp-caption\">\n\t\t\t\t\t\t\t\t\t\t\t<a href=\"https:\/\/funeseditora.com\/?page_id=1369\">\n\t\t\t\t\t\t\t<img fetchpriority=\"high\" decoding=\"async\" width=\"512\" height=\"512\" src=\"https:\/\/funeseditora.com\/wp-content\/uploads\/2026\/03\/Libro-2-2-1-1.png\" class=\"elementor-animation-float attachment-large size-large wp-image-1828\" alt=\"\" srcset=\"https:\/\/funeseditora.com\/wp-content\/uploads\/2026\/03\/Libro-2-2-1-1.png 512w, https:\/\/funeseditora.com\/wp-content\/uploads\/2026\/03\/Libro-2-2-1-1-300x300.png 300w, https:\/\/funeseditora.com\/wp-content\/uploads\/2026\/03\/Libro-2-2-1-1-150x150.png 150w, https:\/\/funeseditora.com\/wp-content\/uploads\/2026\/03\/Libro-2-2-1-1-60x60.png 60w\" sizes=\"(max-width: 512px) 100vw, 512px\" \/>\t\t\t\t\t\t\t\t<\/a>\n\t\t\t\t\t\t\t\t\t\t\t<figcaption class=\"widget-image-caption wp-caption-text\">Aprender bellas palabras<\/figcaption>\n\t\t\t\t\t\t\t\t\t\t<\/figure>\n\t\t\t\t\t\t\t\t\t<\/div>\n\t\t\t\t<\/div>\n\t\t<div class=\"elementor-element elementor-element-814c28a e-con-full e-flex e-con e-child\" data-id=\"814c28a\" data-element_type=\"container\" data-e-type=\"container\">\n\t\t\t\t<div class=\"elementor-element elementor-element-7edf03c elementor-widget elementor-widget-image\" data-id=\"7edf03c\" data-element_type=\"widget\" data-e-type=\"widget\" data-widget_type=\"image.default\">\n\t\t\t\t\t\t\t\t\t\t\t\t<figure class=\"wp-caption\">\n\t\t\t\t\t\t\t\t\t\t\t<a href=\"https:\/\/funeseditora.com\/?page_id=1393\">\n\t\t\t\t\t\t\t<img decoding=\"async\" width=\"1024\" height=\"1024\" src=\"https:\/\/funeseditora.com\/wp-content\/uploads\/2026\/03\/Libro-2-4-1024x1024.png\" class=\"elementor-animation-float attachment-large size-large wp-image-1820\" alt=\"\" srcset=\"https:\/\/funeseditora.com\/wp-content\/uploads\/2026\/03\/Libro-2-4-1024x1024.png 1024w, https:\/\/funeseditora.com\/wp-content\/uploads\/2026\/03\/Libro-2-4-300x300.png 300w, https:\/\/funeseditora.com\/wp-content\/uploads\/2026\/03\/Libro-2-4-150x150.png 150w, https:\/\/funeseditora.com\/wp-content\/uploads\/2026\/03\/Libro-2-4-768x768.png 768w, https:\/\/funeseditora.com\/wp-content\/uploads\/2026\/03\/Libro-2-4-1536x1536.png 1536w, https:\/\/funeseditora.com\/wp-content\/uploads\/2026\/03\/Libro-2-4-60x60.png 60w, https:\/\/funeseditora.com\/wp-content\/uploads\/2026\/03\/Libro-2-4-800x800.png 800w, https:\/\/funeseditora.com\/wp-content\/uploads\/2026\/03\/Libro-2-4.png 1600w\" sizes=\"(max-width: 1024px) 100vw, 1024px\" \/>\t\t\t\t\t\t\t\t<\/a>\n\t\t\t\t\t\t\t\t\t\t\t<figcaption class=\"widget-image-caption wp-caption-text\">Los senderos que se bifurcan<\/figcaption>\n\t\t\t\t\t\t\t\t\t\t<\/figure>\n\t\t\t\t\t\t\t\t\t<\/div>\n\t\t\t\t<\/div>\n\t\t\t\t\t<\/div>\n\t\t\t\t<\/div>\n\t\t\t\t<\/div>\n\t\t","protected":false},"excerpt":{"rendered":"<p>Ensayos cr\u00edticos sobre pr\u00e1cticas art\u00edsticas Aprender bellas palabras Los senderos que se bifurcan<\/p>\n","protected":false},"author":1,"featured_media":0,"parent":0,"menu_order":0,"comment_status":"closed","ping_status":"closed","template":"","meta":{"footnotes":""},"class_list":["post-1308","page","type-page","status-publish","hentry"],"_links":{"self":[{"href":"https:\/\/funeseditora.com\/index.php?rest_route=\/wp\/v2\/pages\/1308","targetHints":{"allow":["GET"]}}],"collection":[{"href":"https:\/\/funeseditora.com\/index.php?rest_route=\/wp\/v2\/pages"}],"about":[{"href":"https:\/\/funeseditora.com\/index.php?rest_route=\/wp\/v2\/types\/page"}],"author":[{"embeddable":true,"href":"https:\/\/funeseditora.com\/index.php?rest_route=\/wp\/v2\/users\/1"}],"replies":[{"embeddable":true,"href":"https:\/\/funeseditora.com\/index.php?rest_route=%2Fwp%2Fv2%2Fcomments&post=1308"}],"version-history":[{"count":31,"href":"https:\/\/funeseditora.com\/index.php?rest_route=\/wp\/v2\/pages\/1308\/revisions"}],"predecessor-version":[{"id":2036,"href":"https:\/\/funeseditora.com\/index.php?rest_route=\/wp\/v2\/pages\/1308\/revisions\/2036"}],"wp:attachment":[{"href":"https:\/\/funeseditora.com\/index.php?rest_route=%2Fwp%2Fv2%2Fmedia&parent=1308"}],"curies":[{"name":"wp","href":"https:\/\/api.w.org\/{rel}","templated":true}]}}