{"id":1250,"date":"2026-02-21T21:06:13","date_gmt":"2026-02-21T21:06:13","guid":{"rendered":"https:\/\/funeseditora.com\/?page_id=1250"},"modified":"2026-03-04T16:05:02","modified_gmt":"2026-03-04T16:05:02","slug":"mabel-tapia-2","status":"publish","type":"page","link":"https:\/\/funeseditora.com\/?page_id=1250","title":{"rendered":"Mabel Tapia"},"content":{"rendered":"\t\t<div data-elementor-type=\"wp-page\" data-elementor-id=\"1250\" class=\"elementor elementor-1250\">\n\t\t\t\t<div class=\"elementor-element elementor-element-d076d57 e-flex e-con-boxed e-con e-parent\" data-id=\"d076d57\" data-element_type=\"container\" data-e-type=\"container\">\n\t\t\t\t\t<div class=\"e-con-inner\">\n\t\t<div class=\"elementor-element elementor-element-a484872 e-con-full e-flex e-con e-child\" data-id=\"a484872\" data-element_type=\"container\" data-e-type=\"container\">\n\t\t\t\t<\/div>\n\t\t<div class=\"elementor-element elementor-element-bbf1ec1 e-con-full e-flex e-con e-child\" data-id=\"bbf1ec1\" data-element_type=\"container\" data-e-type=\"container\">\n\t\t\t\t<\/div>\n\t\t<div class=\"elementor-element elementor-element-1fb169e e-con-full e-flex e-con e-child\" data-id=\"1fb169e\" data-element_type=\"container\" data-e-type=\"container\">\n\t\t\t\t<\/div>\n\t\t<div class=\"elementor-element elementor-element-8761c93 e-con-full e-flex e-con e-child\" data-id=\"8761c93\" data-element_type=\"container\" data-e-type=\"container\">\n\t\t\t\t<\/div>\n\t\t<div class=\"elementor-element elementor-element-7f1b322 e-con-full e-flex e-con e-child\" data-id=\"7f1b322\" data-element_type=\"container\" data-e-type=\"container\">\n\t\t<div class=\"elementor-element elementor-element-17d39b0 e-con-full e-flex e-con e-child\" data-id=\"17d39b0\" data-element_type=\"container\" data-e-type=\"container\">\n\t\t\t\t<div class=\"elementor-element elementor-element-3cb3aa5 elementor-drop-cap-yes elementor-drop-cap-view-default elementor-invisible elementor-widget elementor-widget-text-editor\" data-id=\"3cb3aa5\" data-element_type=\"widget\" data-e-type=\"widget\" data-settings=\"{&quot;_animation&quot;:&quot;fadeInLeft&quot;,&quot;drop_cap&quot;:&quot;yes&quot;}\" data-widget_type=\"text-editor.default\">\n\t\t\t\t\t\t\t\t\t<p class=\"has-drop-cap\"><strong>Mabel Tapia es investigadora en arte contempor\u00e1neo<\/strong> y <strong>subdirectora del Museo Reina Sof\u00eda<\/strong>. Anteriormente ha trabajado como <strong>Directora del proyecto de L\u2019Internationale<\/strong>, confederaci\u00f3n de siete instituciones de arte moderno y contempor\u00e1neo.<\/p><p>As\u00ed mismo, ha co-dirigido, en Francia, el programa de posgrado en investigaci\u00f3n art\u00edstica DSRA,\u00a0<strong><em>Documento y arte contempor\u00e1neo<\/em>\u00a0(\u00c9ESI \u2013 Esna Bourges)<\/strong> durante 3 a\u00f1os.<\/p><p>En el \u00e1mbito de la investigaci\u00f3n, se interesa en <strong>pr\u00e1cticas art\u00edsticas del siglo XXI<\/strong> que se caracterizan principalmente por la desactivaci\u00f3n de la funci\u00f3n est\u00e9tica,\u00a0articulando\u00a0uso de archivos,\u00a0propuestas heur\u00edsticas y\u00a0pr\u00e1ctica pol\u00edtica.\u00a0Es <strong>miembro de la\u00a0<\/strong><a href=\"https:\/\/redcsur.net\/\" target=\"_blank\" rel=\"noreferrer noopener\"><strong>Red Conceptualismos del Su<\/strong>r<\/a> , de la que fue coordinadoraentre 2015 y 2016.<\/p>\t\t\t\t\t\t\t\t<\/div>\n\t\t\t\t<\/div>\n\t\t<div class=\"elementor-element elementor-element-e10fab8 e-con-full e-flex e-con e-child\" data-id=\"e10fab8\" data-element_type=\"container\" data-e-type=\"container\">\n\t\t\t\t<div class=\"elementor-element elementor-element-edf8d59 elementor-widget elementor-widget-image\" data-id=\"edf8d59\" data-element_type=\"widget\" data-e-type=\"widget\" data-widget_type=\"image.default\">\n\t\t\t\t\t\t\t\t\t\t\t\t\t\t\t<img fetchpriority=\"high\" decoding=\"async\" width=\"512\" height=\"700\" src=\"https:\/\/funeseditora.com\/wp-content\/uploads\/2026\/02\/autora-3.png\" class=\"attachment-full size-full wp-image-1530\" alt=\"\" srcset=\"https:\/\/funeseditora.com\/wp-content\/uploads\/2026\/02\/autora-3.png 512w, https:\/\/funeseditora.com\/wp-content\/uploads\/2026\/02\/autora-3-219x300.png 219w, https:\/\/funeseditora.com\/wp-content\/uploads\/2026\/02\/autora-3-44x60.png 44w\" sizes=\"(max-width: 512px) 100vw, 512px\" \/>\t\t\t\t\t\t\t\t\t\t\t\t\t\t\t<\/div>\n\t\t\t\t<\/div>\n\t\t<div class=\"elementor-element elementor-element-6f4a8ef e-con-full e-flex e-con e-child\" data-id=\"6f4a8ef\" data-element_type=\"container\" data-e-type=\"container\">\n\t\t\t\t<div class=\"elementor-element elementor-element-95ed595 elementor-widget elementor-widget-image\" data-id=\"95ed595\" data-element_type=\"widget\" data-e-type=\"widget\" data-widget_type=\"image.default\">\n\t\t\t\t\t\t\t\t\t\t\t\t\t\t\t<img decoding=\"async\" width=\"512\" height=\"512\" src=\"https:\/\/funeseditora.com\/wp-content\/uploads\/2026\/02\/perder-la-forma-humana-1.png\" class=\"attachment-large size-large wp-image-1531\" alt=\"\" srcset=\"https:\/\/funeseditora.com\/wp-content\/uploads\/2026\/02\/perder-la-forma-humana-1.png 512w, https:\/\/funeseditora.com\/wp-content\/uploads\/2026\/02\/perder-la-forma-humana-1-300x300.png 300w, https:\/\/funeseditora.com\/wp-content\/uploads\/2026\/02\/perder-la-forma-humana-1-150x150.png 150w, https:\/\/funeseditora.com\/wp-content\/uploads\/2026\/02\/perder-la-forma-humana-1-60x60.png 60w\" sizes=\"(max-width: 512px) 100vw, 512px\" \/>\t\t\t\t\t\t\t\t\t\t\t\t\t\t\t<\/div>\n\t\t\t\t<\/div>\n\t\t<div class=\"elementor-element elementor-element-b5694ed e-con-full e-flex e-con e-child\" data-id=\"b5694ed\" data-element_type=\"container\" data-e-type=\"container\">\n\t\t\t\t<div class=\"elementor-element elementor-element-91b002e elementor-invisible elementor-widget elementor-widget-text-editor\" data-id=\"91b002e\" data-element_type=\"widget\" data-e-type=\"widget\" data-settings=\"{&quot;_animation&quot;:&quot;fadeInRight&quot;}\" data-widget_type=\"text-editor.default\">\n\t\t\t\t\t\t\t\t\t<p>Tambi\u00e9n se ha desempe\u00f1ado como<strong> coordinadora editorial<\/strong> de, entre otras, las siguientes publicaciones:\u00a0<\/p>\n<p><strong><em>Perder la forma humana. Una imagen s\u00edsmica de los a\u00f1os 80 en Am\u00e9rica latina<\/em><\/strong>\u00a0(Madrid: MNCARS, 2013 \/ Buenos Aires: Eduntref, 2014).<\/p>\n<p><strong><em>Un saber realmente \u00fatil<\/em><\/strong>\u00a0(Madrid: MNCARS, 2014),\u00a0<em>Desinventario<\/em>\u00a0(Santiago de Chile: Ocholibros, 2015).<\/p>\n<p>\u00a0<strong><em>Archivos del com\u00fan II, El archivo an\u00f3mico<\/em>\u00a0<\/strong>(Buenos Aires: Pasamonta\u00f1as, 2020).<\/p>\t\t\t\t\t\t\t\t<\/div>\n\t\t\t\t<\/div>\n\t\t\t\t<\/div>\n\t\t\t\t\t<\/div>\n\t\t\t\t<\/div>\n\t\t<div class=\"elementor-element elementor-element-071494c e-flex e-con-boxed e-con e-parent\" data-id=\"071494c\" data-element_type=\"container\" data-e-type=\"container\">\n\t\t\t\t\t<div class=\"e-con-inner\">\n\t\t<div class=\"elementor-element elementor-element-93ef4ff e-con-full e-flex e-con e-child\" data-id=\"93ef4ff\" data-element_type=\"container\" data-e-type=\"container\">\n\t\t\t\t<div class=\"elementor-element elementor-element-2e5393e elementor-widget elementor-widget-image\" data-id=\"2e5393e\" data-element_type=\"widget\" data-e-type=\"widget\" data-widget_type=\"image.default\">\n\t\t\t\t\t\t\t\t\t\t\t\t<figure class=\"wp-caption\">\n\t\t\t\t\t\t\t\t\t\t\t<a href=\"https:\/\/funeseditora.com\/?page_id=622\">\n\t\t\t\t\t\t\t<img decoding=\"async\" width=\"900\" height=\"900\" src=\"https:\/\/funeseditora.com\/wp-content\/uploads\/2021\/01\/Maria-Gabriela-900px-1.png\" class=\"attachment-large size-large wp-image-577\" alt=\"\" srcset=\"https:\/\/funeseditora.com\/wp-content\/uploads\/2021\/01\/Maria-Gabriela-900px-1.png 900w, https:\/\/funeseditora.com\/wp-content\/uploads\/2021\/01\/Maria-Gabriela-900px-1-300x300.png 300w, https:\/\/funeseditora.com\/wp-content\/uploads\/2021\/01\/Maria-Gabriela-900px-1-150x150.png 150w, https:\/\/funeseditora.com\/wp-content\/uploads\/2021\/01\/Maria-Gabriela-900px-1-768x768.png 768w, https:\/\/funeseditora.com\/wp-content\/uploads\/2021\/01\/Maria-Gabriela-900px-1-60x60.png 60w, https:\/\/funeseditora.com\/wp-content\/uploads\/2021\/01\/Maria-Gabriela-900px-1-800x800.png 800w, https:\/\/funeseditora.com\/wp-content\/uploads\/2021\/01\/elementor\/thumbs\/Maria-Gabriela-900px-1-p19v8x7f0g9dcf63o5hjdwqvuo55pkoyibbpe8dt3q.png 16w\" sizes=\"(max-width: 900px) 100vw, 900px\" \/>\t\t\t\t\t\t\t\t<\/a>\n\t\t\t\t\t\t\t\t\t\t\t<figcaption class=\"widget-image-caption wp-caption-text\">Mar\u00eda Gabriela  Ch\u00e9rrez<\/figcaption>\n\t\t\t\t\t\t\t\t\t\t<\/figure>\n\t\t\t\t\t\t\t\t\t<\/div>\n\t\t\t\t<\/div>\n\t\t<div class=\"elementor-element elementor-element-b86bb16 e-con-full e-flex e-con e-child\" data-id=\"b86bb16\" data-element_type=\"container\" data-e-type=\"container\">\n\t\t\t\t<div class=\"elementor-element elementor-element-9cf010e elementor-widget elementor-widget-image\" data-id=\"9cf010e\" data-element_type=\"widget\" data-e-type=\"widget\" data-widget_type=\"image.default\">\n\t\t\t\t\t\t\t\t\t\t\t\t<figure class=\"wp-caption\">\n\t\t\t\t\t\t\t\t\t\t\t<a href=\"https:\/\/funeseditora.com\/?page_id=627\">\n\t\t\t\t\t\t\t<img loading=\"lazy\" decoding=\"async\" width=\"900\" height=\"900\" src=\"https:\/\/funeseditora.com\/wp-content\/uploads\/2021\/01\/Pilar-Gavilanes-900px.png\" class=\"attachment-large size-large wp-image-631\" alt=\"\" srcset=\"https:\/\/funeseditora.com\/wp-content\/uploads\/2021\/01\/Pilar-Gavilanes-900px.png 900w, https:\/\/funeseditora.com\/wp-content\/uploads\/2021\/01\/Pilar-Gavilanes-900px-300x300.png 300w, https:\/\/funeseditora.com\/wp-content\/uploads\/2021\/01\/Pilar-Gavilanes-900px-150x150.png 150w, https:\/\/funeseditora.com\/wp-content\/uploads\/2021\/01\/Pilar-Gavilanes-900px-768x768.png 768w, https:\/\/funeseditora.com\/wp-content\/uploads\/2021\/01\/Pilar-Gavilanes-900px-60x60.png 60w, https:\/\/funeseditora.com\/wp-content\/uploads\/2021\/01\/Pilar-Gavilanes-900px-800x800.png 800w\" sizes=\"(max-width: 900px) 100vw, 900px\" \/>\t\t\t\t\t\t\t\t<\/a>\n\t\t\t\t\t\t\t\t\t\t\t<figcaption class=\"widget-image-caption wp-caption-text\">Mar\u00eda del Pilar Gavilanes<\/figcaption>\n\t\t\t\t\t\t\t\t\t\t<\/figure>\n\t\t\t\t\t\t\t\t\t<\/div>\n\t\t\t\t<\/div>\n\t\t\t\t\t<\/div>\n\t\t\t\t<\/div>\n\t\t<div class=\"elementor-element elementor-element-b5e4054 e-flex e-con-boxed e-con e-parent\" data-id=\"b5e4054\" data-element_type=\"container\" data-e-type=\"container\">\n\t\t\t\t\t<div class=\"e-con-inner\">\n\t\t\t\t\t<\/div>\n\t\t\t\t<\/div>\n\t\t\t\t<\/div>\n\t\t","protected":false},"excerpt":{"rendered":"<p>Mabel Tapia es investigadora en arte contempor\u00e1neo y subdirectora del Museo Reina Sof\u00eda. Anteriormente ha trabajado como Directora del proyecto de L\u2019Internationale, confederaci\u00f3n de siete instituciones de arte moderno y contempor\u00e1neo. As\u00ed mismo, ha co-dirigido, en Francia, el programa de posgrado en investigaci\u00f3n art\u00edstica DSRA,\u00a0Documento y arte contempor\u00e1neo\u00a0(\u00c9ESI \u2013 Esna Bourges) durante 3 a\u00f1os. En el \u00e1mbito de la investigaci\u00f3n, se interesa en pr\u00e1cticas art\u00edsticas del siglo XXI que se caracterizan principalmente por la desactivaci\u00f3n de la funci\u00f3n est\u00e9tica,\u00a0articulando\u00a0uso de archivos,\u00a0propuestas heur\u00edsticas y\u00a0pr\u00e1ctica pol\u00edtica.\u00a0Es miembro de la\u00a0Red Conceptualismos del Sur , de la que fue coordinadoraentre 2015 y 2016. Tambi\u00e9n &hellip; <\/p>\n","protected":false},"author":1,"featured_media":0,"parent":0,"menu_order":0,"comment_status":"closed","ping_status":"closed","template":"","meta":{"footnotes":""},"class_list":["post-1250","page","type-page","status-publish","hentry"],"_links":{"self":[{"href":"https:\/\/funeseditora.com\/index.php?rest_route=\/wp\/v2\/pages\/1250","targetHints":{"allow":["GET"]}}],"collection":[{"href":"https:\/\/funeseditora.com\/index.php?rest_route=\/wp\/v2\/pages"}],"about":[{"href":"https:\/\/funeseditora.com\/index.php?rest_route=\/wp\/v2\/types\/page"}],"author":[{"embeddable":true,"href":"https:\/\/funeseditora.com\/index.php?rest_route=\/wp\/v2\/users\/1"}],"replies":[{"embeddable":true,"href":"https:\/\/funeseditora.com\/index.php?rest_route=%2Fwp%2Fv2%2Fcomments&post=1250"}],"version-history":[{"count":16,"href":"https:\/\/funeseditora.com\/index.php?rest_route=\/wp\/v2\/pages\/1250\/revisions"}],"predecessor-version":[{"id":1876,"href":"https:\/\/funeseditora.com\/index.php?rest_route=\/wp\/v2\/pages\/1250\/revisions\/1876"}],"wp:attachment":[{"href":"https:\/\/funeseditora.com\/index.php?rest_route=%2Fwp%2Fv2%2Fmedia&parent=1250"}],"curies":[{"name":"wp","href":"https:\/\/api.w.org\/{rel}","templated":true}]}}